{"id":1343,"date":"2022-04-11T12:42:11","date_gmt":"2022-04-11T09:42:11","guid":{"rendered":"https:\/\/tullaa.com\/satis-sozlesmesi\/"},"modified":"2026-02-04T11:41:38","modified_gmt":"2026-02-04T08:41:38","slug":"distance-sales-agreement","status":"publish","type":"page","link":"https:\/\/tullaa.com\/en\/distance-sales-agreement\/","title":{"rendered":"Distance Sales Agreement"},"content":{"rendered":"<p>This Agreement has been signed between BUYER and SELLER under the following terms and conditions. By accepting this agreement and approving the purchase order, BUYER agrees in advance to be liable to pay the additional charges such as the price of the order, delivery costs and applicable tax.<\/p>\n<p><strong>ARTICLE 1 \u2013 PARTIES <\/strong><\/p>\n<ul>\n<li><strong>SELLER <\/strong><\/li>\n<\/ul>\n<p><strong>Name\/Title: <\/strong>T\u00fclay Arslan \u2013 Tullaa El \u0130\u015fi Triko D\u0131\u015f Giyim Toptan Tic.<strong><br \/>\nAddress: <\/strong>Gaziosmanpa\u015fa Bulvar\u0131 Niyazi Ersoy \u0130\u015f Merkezi No: 61\/410<strong><br \/>\nTelephone:<br \/>\nE-mail: <\/strong>info@tullaa.com<\/p>\n<ul>\n<li><strong>BUYER AND RECIPIENT <\/strong><\/li>\n<\/ul>\n<p><strong>Buyer:<\/strong><\/p>\n<p><strong>Name\/Title:<br \/>\nAddress:<br \/>\nTelephone:<br \/>\nE-mail:\u00a0<\/strong><\/p>\n<p><strong>Recipient:<\/strong><\/p>\n<p><strong>Name\/Title:<br \/>\nAddress:<br \/>\nTelephone:<br \/>\nE-mail:\u00a0<\/strong><\/p>\n<p>&nbsp;<\/p>\n<p><strong>ARTICLE 2 \u2013 SUBJECT MATTER OF THE AGREEMENT <\/strong><\/p>\n<p>This agreement governs the rights and obligations of the parties in accordance with the provisions of the Law on the Protection of Consumer No.6502 and Regulation on Distance Agreements related to the sale and delivery of the product(s) subject to the order and sales price, which BUYER has ordered in electronic environment on SELLER\u2019s website.<\/p>\n<p>BUYER accepts and declares that they have the information about the main features, sale price, payment method, conditions of delivery and right to \u201cwithdraw\u201d regarding the product(s) subject to sale, that they confirmed the preliminary information in electronic environment and then ordered the product(s) in accordance with the provisions of this agreement.<\/p>\n<p><strong>ARTICLE 3 \u2013 DETAILS OF THE PRODUCTS<\/strong><\/p>\n<p><strong>3.1<\/strong> Main features of the product(s) are published on SELLER\u2019s website. If there is a campaign, BUYER can review the main features of the relevant product during the campaign. Campaigns are only valid until their applicable expiry date.<\/p>\n<p><strong>3.2<\/strong> Price of the ordered product(s) including applicable tax is shown below.<\/p>\n<p>&nbsp;<\/p>\n<table width=\"100%\">\n<tbody>\n<tr>\n<td><strong>Product Description<\/strong><\/td>\n<td><strong>Quantity<\/strong><\/td>\n<td><strong>\u00a0Unit Price<\/strong><\/td>\n<td><strong>\u00a0Subtotal<br \/>\n(VAT included)<\/strong><\/td>\n<\/tr>\n<tr>\n<td><\/td>\n<td><\/td>\n<td><\/td>\n<td><\/td>\n<\/tr>\n<tr>\n<td><\/td>\n<td width=\"67\"><\/td>\n<td width=\"160\"><\/td>\n<td width=\"160\"><\/td>\n<\/tr>\n<tr>\n<td><strong>Delivery<\/strong><\/td>\n<td width=\"67\"><\/td>\n<td width=\"160\"><\/td>\n<td width=\"160\"><\/td>\n<\/tr>\n<tr>\n<td colspan=\"3\"><strong>Total :<\/strong><\/td>\n<td><\/td>\n<\/tr>\n<\/tbody>\n<\/table>\n<p><strong>3.3<\/strong> Delivery cost, which is the product shipping cost, will be paid by BUYER.<\/p>\n<p><strong>ARTICLE 4 \u2013 <\/strong><strong>INVOICE DETAILS<\/strong><\/p>\n<p>Name\/Last Name\/Title:<\/p>\n<p>Address:<\/p>\n<p>Telephone:<\/p>\n<p>E-mail:<\/p>\n<p>Invoice delivery: Invoice will be delivered to the invoice address with the delivery of the order.<\/p>\n<p>&nbsp;<\/p>\n<p><strong>ARTICLE 5- GENERAL TERMS<\/strong><\/p>\n<ul>\n<li>BUYER acknowledges and agrees to have read and fully understood the preliminary information from the Website regarding main features of the product(s), sale price, payment methods and delivery of the product(s) and has approved them electronically.<\/li>\n<li>The product(s) subject to this agreement shall be delivered to BUYER or RECIPIENT at the address provided by BUYER within the period as prescribed in the preliminary information depending on the distance of BUYER provided that such period shall not exceed the 30-days legal delivery period. BUYER has the right to terminate the agreement if the product(s) is not delivered within such period.<\/li>\n<li>Although SELLER uses its best efforts to daily update the list of available products, it is possible that the product(s) is not available in the stocks. In such cases, SELLER will inform BUYER.<\/li>\n<li>SELLER must deliver the product fully, completely and having the qualities described in the order.<\/li>\n<li>SELLER may supply product(s) at the same quality and price provided to inform and obtain approval from BUYER before the expiry of its performance period under the agreement.<\/li>\n<li>If it becomes impossible to deliver the product(s) subject to the order, SELLER shall notify BUYER within 3 (three) days from the date SELLER finds out about the impossibility and shall return the collected amount to BUYER within 14 (fourteen) days.<\/li>\n<li>BUYER acknowledges and accepts that this agreement must be electronically confirmed for delivery of the product(s) subject to the order and if the product(s) price is not paid or is cancelled in the bank records for any reason, SELLER shall be released from its obligation to deliver the product(s).<\/li>\n<li>If the relevant bank or financing institution does not pay the price of the products to SELLER due to any unfair or illegal use of the credit cards after the delivery of the product(s), BUYER shall return the product to SELLER within 3 (three) days. The delivery fees related to such return shall be borne by SELLER.<\/li>\n<li>If SELLER is not able to deliver the product(s) within due time due to force majeure events that are out of the control of the parties and are not foreseeable and prevents or delays performance of the obligations under this Agreement, SELLER will notify BUYER of failure of delivery. In such a case, BUYER may choose any of the followings: (i) cancel the order, (ii) replace the product(s) with the equivalent product(s), and\/or (iii) postpone the delivery of the products until the end of the relevant force majeure event.<\/li>\n<\/ul>\n<p>In the event of cancellation of the order by BUYER:<\/p>\n<p>(i) if the payment was made in cash, the paid amount shall be returned to BUYER in cash within 14 (fourteen) days.<\/p>\n<p>(ii) if the payment was made by credit card, the collected amount shall be returned to the relevant bank within 14 (fourteen) days. BUYER acknowledges and accepts that the transfer of the returned amount to BUYER\u2019s account may take between two to three weeks according to the banking process and that SELLER shall not be liable for any delay related to the banking process.<\/p>\n<ul>\n<li>SELLER can contact BUYER regarding the order via contact details mentioned in the Agreement.<\/li>\n<li>BUYER shall inspect the product(s) subject to order before accepting the delivery. BUYER shall not accept delivery of the product(s) that is damaged, defective or broken or with damaged packaging etc. from the delivery company. Products that BUYER accepted the delivery of shall be considered without defect. It is BUYER\u2019s responsibility to use the product with care following the delivery. If BUYER will use right to withdrawal from the agreement, the product shall not be used. Invoice must be returned.<\/li>\n<li>Sales on this Website are addressed to consumers as retail sales. SELLER reserves the right to cancel the agreement and not to deliver the product(s) ff SELLER suspects that BUYER\u2019s intention is to resell the product(s).<\/li>\n<\/ul>\n<p>&nbsp;<\/p>\n<p><strong>ARTICLE 6 \u2013 RIGHT TO WITHDRAW<\/strong><\/p>\n<ul>\n<li>BUYER has a right to withdraw from the agreement with no reason within 14 (fourteen) days as of the delivery date of the product to BUYER or RECIPIENT, without any legal or penal liability. Costs associated with the exercise of the right to withdraw will be borne by SELLER. By accepting this Agreement, BUYER accepts that they have been informed regarding the right to withdraw.<\/li>\n<li>BUYER shall serve a written notification to SELLER within 14 days period and the relevant product shall not be used in accordance with the provisions Article 7.<\/li>\n<li>SELLER shall return the total amount received to BUYER at the latest within 14 days from the date the withdrawal notification is delivered to SELLER.<\/li>\n<li>BUYER shall return the product(s) with its package and standard accessories, if any, to SELLER within 10 (ten) days from the withdrawal notification date. If the product invoice was a corporate invoice for a corporate BUYER, a return invoice must be issued and sent.<\/li>\n<\/ul>\n<p><strong>ARTICLE 7- PRODUCTS FOR WHICH NO RIGHT OF WITHDRAW IS ALLOWED<\/strong><\/p>\n<ol>\n<li>Goods and services of which prices are changing depending on the fluctuations in the financial markets and out of the control of the Seller or provider.<\/li>\n<li>The goods prepared in accordance with the request and personal needs of the customer,<\/li>\n<li>The delivery of the perishables or the goods of which expiry date is short,<\/li>\n<li>The delivery of the goods of which protective element such as package, tape, and seal is opened provided that it is inappropriate to return them due to health and hygiene concerns,<\/li>\n<li>Goods which are mixed with other goods and impossible to separate intrinsically,<\/li>\n<li>Books, digital contents and computer consumable materials which can be offered in the physical environment when their protective element such as package, tape, and seal is opened,<\/li>\n<li>The delivery of the periodical publications such as journals and magazines except for the ones provided within the scope of an subscription agreement,<\/li>\n<li>Accommodation, moving, rent a car, supply of foods and beverages, and recreational activities which have to be completed within a certain date or period,<\/li>\n<li>Services fulfilled immediately in the electronic environment or incorporeal property that are delivered to the customer immediately,<\/li>\n<li>Services which are started to be provided before the expiry date of the right to withdraw.<\/li>\n<\/ol>\n<p><strong>ARTICLE 8- COMPETENT COURT<\/strong><\/p>\n<p>The Consumer Arbitration Committees and the Consumer Courts located at the place of the BUYER\u2019s domicile or the purchase place of the product(s) shall settle any dispute between the parties related to this agreement pursuant to legal monetary limits.<\/p>\n<p>&nbsp;<\/p>\n","protected":false},"excerpt":{"rendered":"<p>This Agreement has been signed between BUYER and SELLER under the following terms and conditions. By accepting this agreement and [&hellip;]<\/p>\n","protected":false},"author":1,"featured_media":0,"parent":0,"menu_order":0,"comment_status":"closed","ping_status":"closed","template":"","meta":{"site-sidebar-layout":"default","site-content-layout":"default","ast-site-content-layout":"","site-content-style":"default","site-sidebar-style":"default","ast-global-header-display":"","ast-banner-title-visibility":"","ast-main-header-display":"","ast-hfb-above-header-display":"","ast-hfb-below-header-display":"","ast-hfb-mobile-header-display":"","site-post-title":"","ast-breadcrumbs-content":"","ast-featured-img":"","footer-sml-layout":"","theme-transparent-header-meta":"default","adv-header-id-meta":"","stick-header-meta":"default","header-above-stick-meta":"","header-main-stick-meta":"","header-below-stick-meta":"","astra-migrate-meta-layouts":"set","ast-page-background-enabled":"default","ast-page-background-meta":{"desktop":{"background-color":"var(--ast-global-color-4)","background-image":"","background-repeat":"repeat","background-position":"center center","background-size":"auto","background-attachment":"scroll","background-type":"","background-media":"","overlay-type":"","overlay-color":"","overlay-opacity":"","overlay-gradient":""},"tablet":{"background-color":"","background-image":"","background-repeat":"repeat","background-position":"center center","background-size":"auto","background-attachment":"scroll","background-type":"","background-media":"","overlay-type":"","overlay-color":"","overlay-opacity":"","overlay-gradient":""},"mobile":{"background-color":"","background-image":"","background-repeat":"repeat","background-position":"center center","background-size":"auto","background-attachment":"scroll","background-type":"","background-media":"","overlay-type":"","overlay-color":"","overlay-opacity":"","overlay-gradient":""}},"ast-content-background-meta":{"desktop":{"background-color":"var(--ast-global-color-5)","background-image":"","background-repeat":"repeat","background-position":"center center","background-size":"auto","background-attachment":"scroll","background-type":"","background-media":"","overlay-type":"","overlay-color":"","overlay-opacity":"","overlay-gradient":""},"tablet":{"background-color":"var(--ast-global-color-5)","background-image":"","background-repeat":"repeat","background-position":"center center","background-size":"auto","background-attachment":"scroll","background-type":"","background-media":"","overlay-type":"","overlay-color":"","overlay-opacity":"","overlay-gradient":""},"mobile":{"background-color":"var(--ast-global-color-5)","background-image":"","background-repeat":"repeat","background-position":"center center","background-size":"auto","background-attachment":"scroll","background-type":"","background-media":"","overlay-type":"","overlay-color":"","overlay-opacity":"","overlay-gradient":""}},"footnotes":""},"class_list":["post-1343","page","type-page","status-publish","hentry"],"yoast_head":"<!-- This site is optimized with the Yoast SEO plugin v26.6 - https:\/\/yoast.com\/wordpress\/plugins\/seo\/ -->\n<title>Distance Sales Agreement - TULLAA<\/title>\n<meta name=\"robots\" content=\"index, follow, max-snippet:-1, max-image-preview:large, max-video-preview:-1\" \/>\n<link rel=\"canonical\" href=\"https:\/\/tullaa.com\/en\/distance-sales-agreement\/\" \/>\n<meta property=\"og:locale\" content=\"en_US\" \/>\n<meta property=\"og:type\" content=\"article\" \/>\n<meta property=\"og:title\" content=\"Distance Sales Agreement - TULLAA\" \/>\n<meta property=\"og:description\" content=\"This Agreement has been signed between BUYER and SELLER under the following terms and conditions. By accepting this agreement and [&hellip;]\" \/>\n<meta property=\"og:url\" content=\"https:\/\/tullaa.com\/en\/distance-sales-agreement\/\" \/>\n<meta property=\"og:site_name\" content=\"TULLAA\" \/>\n<meta property=\"article:modified_time\" content=\"2026-02-04T08:41:38+00:00\" \/>\n<meta name=\"twitter:card\" content=\"summary_large_image\" \/>\n<meta name=\"twitter:label1\" content=\"Est. reading time\" \/>\n\t<meta name=\"twitter:data1\" content=\"9 minutes\" \/>\n<script type=\"application\/ld+json\" class=\"yoast-schema-graph\">{\"@context\":\"https:\/\/schema.org\",\"@graph\":[{\"@type\":\"WebPage\",\"@id\":\"https:\/\/tullaa.com\/en\/distance-sales-agreement\/\",\"url\":\"https:\/\/tullaa.com\/en\/distance-sales-agreement\/\",\"name\":\"Distance Sales Agreement - TULLAA\",\"isPartOf\":{\"@id\":\"https:\/\/tullaa.com\/#website\"},\"datePublished\":\"2022-04-11T09:42:11+00:00\",\"dateModified\":\"2026-02-04T08:41:38+00:00\",\"breadcrumb\":{\"@id\":\"https:\/\/tullaa.com\/en\/distance-sales-agreement\/#breadcrumb\"},\"inLanguage\":\"en-US\",\"potentialAction\":[{\"@type\":\"ReadAction\",\"target\":[\"https:\/\/tullaa.com\/en\/distance-sales-agreement\/\"]}]},{\"@type\":\"BreadcrumbList\",\"@id\":\"https:\/\/tullaa.com\/en\/distance-sales-agreement\/#breadcrumb\",\"itemListElement\":[{\"@type\":\"ListItem\",\"position\":1,\"name\":\"Anasayfa\",\"item\":\"https:\/\/tullaa.com\/en\/\"},{\"@type\":\"ListItem\",\"position\":2,\"name\":\"Distance Sales Agreement\"}]},{\"@type\":\"WebSite\",\"@id\":\"https:\/\/tullaa.com\/#website\",\"url\":\"https:\/\/tullaa.com\/\",\"name\":\"TULLAA\",\"description\":\"\",\"publisher\":{\"@id\":\"https:\/\/tullaa.com\/#organization\"},\"potentialAction\":[{\"@type\":\"SearchAction\",\"target\":{\"@type\":\"EntryPoint\",\"urlTemplate\":\"https:\/\/tullaa.com\/?s={search_term_string}\"},\"query-input\":{\"@type\":\"PropertyValueSpecification\",\"valueRequired\":true,\"valueName\":\"search_term_string\"}}],\"inLanguage\":\"en-US\"},{\"@type\":\"Organization\",\"@id\":\"https:\/\/tullaa.com\/#organization\",\"name\":\"TULLAA\",\"url\":\"https:\/\/tullaa.com\/\",\"logo\":{\"@type\":\"ImageObject\",\"inLanguage\":\"en-US\",\"@id\":\"https:\/\/tullaa.com\/#\/schema\/logo\/image\/\",\"url\":\"https:\/\/tullaa.com\/wp-content\/uploads\/2022\/04\/tullaa_logo-1.png\",\"contentUrl\":\"https:\/\/tullaa.com\/wp-content\/uploads\/2022\/04\/tullaa_logo-1.png\",\"width\":211,\"height\":48,\"caption\":\"TULLAA\"},\"image\":{\"@id\":\"https:\/\/tullaa.com\/#\/schema\/logo\/image\/\"},\"sameAs\":[\"https:\/\/www.instagram.com\/tullaa_atelier\/\"]}]}<\/script>\n<!-- \/ Yoast SEO plugin. -->","yoast_head_json":{"title":"Distance Sales Agreement - TULLAA","robots":{"index":"index","follow":"follow","max-snippet":"max-snippet:-1","max-image-preview":"max-image-preview:large","max-video-preview":"max-video-preview:-1"},"canonical":"https:\/\/tullaa.com\/en\/distance-sales-agreement\/","og_locale":"en_US","og_type":"article","og_title":"Distance Sales Agreement - TULLAA","og_description":"This Agreement has been signed between BUYER and SELLER under the following terms and conditions. By accepting this agreement and [&hellip;]","og_url":"https:\/\/tullaa.com\/en\/distance-sales-agreement\/","og_site_name":"TULLAA","article_modified_time":"2026-02-04T08:41:38+00:00","twitter_card":"summary_large_image","twitter_misc":{"Est. reading time":"9 minutes"},"schema":{"@context":"https:\/\/schema.org","@graph":[{"@type":"WebPage","@id":"https:\/\/tullaa.com\/en\/distance-sales-agreement\/","url":"https:\/\/tullaa.com\/en\/distance-sales-agreement\/","name":"Distance Sales Agreement - TULLAA","isPartOf":{"@id":"https:\/\/tullaa.com\/#website"},"datePublished":"2022-04-11T09:42:11+00:00","dateModified":"2026-02-04T08:41:38+00:00","breadcrumb":{"@id":"https:\/\/tullaa.com\/en\/distance-sales-agreement\/#breadcrumb"},"inLanguage":"en-US","potentialAction":[{"@type":"ReadAction","target":["https:\/\/tullaa.com\/en\/distance-sales-agreement\/"]}]},{"@type":"BreadcrumbList","@id":"https:\/\/tullaa.com\/en\/distance-sales-agreement\/#breadcrumb","itemListElement":[{"@type":"ListItem","position":1,"name":"Anasayfa","item":"https:\/\/tullaa.com\/en\/"},{"@type":"ListItem","position":2,"name":"Distance Sales Agreement"}]},{"@type":"WebSite","@id":"https:\/\/tullaa.com\/#website","url":"https:\/\/tullaa.com\/","name":"TULLAA","description":"","publisher":{"@id":"https:\/\/tullaa.com\/#organization"},"potentialAction":[{"@type":"SearchAction","target":{"@type":"EntryPoint","urlTemplate":"https:\/\/tullaa.com\/?s={search_term_string}"},"query-input":{"@type":"PropertyValueSpecification","valueRequired":true,"valueName":"search_term_string"}}],"inLanguage":"en-US"},{"@type":"Organization","@id":"https:\/\/tullaa.com\/#organization","name":"TULLAA","url":"https:\/\/tullaa.com\/","logo":{"@type":"ImageObject","inLanguage":"en-US","@id":"https:\/\/tullaa.com\/#\/schema\/logo\/image\/","url":"https:\/\/tullaa.com\/wp-content\/uploads\/2022\/04\/tullaa_logo-1.png","contentUrl":"https:\/\/tullaa.com\/wp-content\/uploads\/2022\/04\/tullaa_logo-1.png","width":211,"height":48,"caption":"TULLAA"},"image":{"@id":"https:\/\/tullaa.com\/#\/schema\/logo\/image\/"},"sameAs":["https:\/\/www.instagram.com\/tullaa_atelier\/"]}]}},"_links":{"self":[{"href":"https:\/\/tullaa.com\/en\/wp-json\/wp\/v2\/pages\/1343","targetHints":{"allow":["GET"]}}],"collection":[{"href":"https:\/\/tullaa.com\/en\/wp-json\/wp\/v2\/pages"}],"about":[{"href":"https:\/\/tullaa.com\/en\/wp-json\/wp\/v2\/types\/page"}],"author":[{"embeddable":true,"href":"https:\/\/tullaa.com\/en\/wp-json\/wp\/v2\/users\/1"}],"replies":[{"embeddable":true,"href":"https:\/\/tullaa.com\/en\/wp-json\/wp\/v2\/comments?post=1343"}],"version-history":[{"count":1,"href":"https:\/\/tullaa.com\/en\/wp-json\/wp\/v2\/pages\/1343\/revisions"}],"predecessor-version":[{"id":7969,"href":"https:\/\/tullaa.com\/en\/wp-json\/wp\/v2\/pages\/1343\/revisions\/7969"}],"wp:attachment":[{"href":"https:\/\/tullaa.com\/en\/wp-json\/wp\/v2\/media?parent=1343"}],"curies":[{"name":"wp","href":"https:\/\/api.w.org\/{rel}","templated":true}]}}